{"id":1842,"date":"2021-03-24T15:29:22","date_gmt":"2021-03-24T14:29:22","guid":{"rendered":"https:\/\/volkmann-sv.de\/high-pressure-water-technology\/"},"modified":"2025-05-17T12:16:37","modified_gmt":"2025-05-17T10:16:37","slug":"high-pressure-water-technology","status":"publish","type":"page","link":"https:\/\/volkmann-sv.de\/en\/high-pressure-water-technology\/","title":{"rendered":"High-pressure water technology"},"content":{"rendered":"\n<h1>\n\t\tWasserhochdruck&shy;technologie\n\t<\/h1>\n\t<p>Innovation. Leistung. Wirkung.<\/p>\n\t<p>Mit dem innovativen traffic-lines duo twister reinigen wir unterschiedlichste Oberfl\u00e4chen und stellen die Verkehrsf\u00e4higkeit wieder her. Ob Markierungen, Betonschl\u00e4mme oder hartn\u00e4ckiger Gummiabrieb, der duo twister\u00a0reinigt effektiv, effizient und umweltvertr\u00e4glich.<\/p>\n\t3.500 bar\nWasserdruck\n\t1 Fahrzeug\n\tbis 4,2 m\nArbeitsbreite\n\t4.980 qm\/h\n\t1 Fahrer\n\tmin. 6,5 h\nEinsatzdauer unter Vollast\n\t<meta itemprop=\"name\" content=\"Ringspaltabsaugung Wasserhochdrucktechnologie\" \/><meta itemprop=\"description\" content=\"Animation zur Erkl\u00e4rung der Ringspaltabsaugung\" \/><meta itemprop=\"uploadDate\" content=\"2020-12-11T10:00Europe\/Berlin\" \/><meta itemprop=\"thumbnailUrl\" content=\"https:\/\/volkmann-sv.de\/\/wp-content\/uploads\/2020\/12\/wasserhochdrucktechnologie-ringspaltabsaugung-innovation-800x469.png\" \/><meta itemprop=\"contentUrl\" content=\"1068\" \/><meta itemprop=\"embedUrl\" content=\"1068\" \/>\t\n\t\t\t<video src=\"https:\/\/volkmann-sv.de\/wp-content\/uploads\/2020\/12\/animation-ringspaltabsaugung-2.mp4\" autoplay=\"\" webkit-playsinline=\"\" playsinline=\"\" loop=\"\" controlsList=\"nodownload\" poster=\"https:\/\/volkmann-sv.de\/\/wp-content\/uploads\/2020\/12\/wasserhochdrucktechnologie-ringspaltabsaugung-innovation-800x469.png\" preload=\"none\"><\/video>\n<h2>\n\t\tInnovative Technik:<br \/>Die Ringspaltabsaugung\n\t<\/h2>\n\t<p>Mit regulierbarem Wasserdruck zwischen 1.500 und 3.500 bar reinigt das Twister-System besonders effektiv und schont gleichzeitig den Untergrund bzw. die Fahrbahndecke. Durch das sofortige, seitliche Absaugen des Spritzwassers wird die Effektivit\u00e4t des Hochdruckwasserstrahls nicht durch eine Wasserschicht beeintr\u00e4chtigt.<\/p>\n<p>Die Ringspaltabsaugung erzeugt bei geringem Unterdruck und einer gro\u00dfen Luftmenge von ca. 15.000 m<sup>3<\/sup> eine enorme Str\u00f6mungsgeschwindigkeit, die auch kleinste Fl\u00fcssigkeitspartikel aufnimmt. Damit sind die Oberfl\u00e4chen nach dem Reinigungsvorgang nahezu trocken und sofort einsatzbereit.<\/p>\n<h2>\n\t\tVolle Leistung dank maximaler Einsatzzeit\n\t<\/h2>\n\t<p>Der <em>duo twister<\/em> reinigt unter anderem OPA-Bel\u00e4ge, Beton, bitum\u00f6se Bodenbel\u00e4ge, Spezialbel\u00e4ge aus Asphalt und Beton, Anti-Rutsch-Bel\u00e4ge oder ger\u00e4uschreduzierende Bel\u00e4ge.<\/p>\n<p>Zus\u00e4tzliche Zeit- und Kostenersparnis schaffen die Wasseraufbereitungsanlage <em>water loop<\/em> und zus\u00e4tzliche Dieseltanks. So kann die Einsatzzeit durch den Verzicht von Tankstopps und Frischwasseraufnahme unter Vollast bei einer Pumpenleistung von 54l\/min auf mind. 6,5 Stunden erh\u00f6ht werden.<\/p>\n\t<meta itemprop=\"name\" content=\"Duotwister\" \/><meta itemprop=\"description\" content=\"Zeigt die Funktionsweise des Duotwister in Aktion\" \/><meta itemprop=\"uploadDate\" content=\"2020-12-11T10:00Europe\/Berlin\" \/><meta itemprop=\"thumbnailUrl\" content=\"https:\/\/volkmann-sv.de\/\/wp-content\/uploads\/2020\/12\/wasserhochdruck-duotwister-800x469.jpg\" \/><meta itemprop=\"contentUrl\" content=\"1062\" \/><meta itemprop=\"embedUrl\" content=\"1062\" \/>\t\n\t\t\t<video src=\"https:\/\/volkmann-sv.de\/wp-content\/uploads\/2020\/12\/animation-duotwister-2.mp4\" autoplay=\"\" webkit-playsinline=\"\" playsinline=\"\" loop=\"\" muted=\"muted\" controlsList=\"nodownload\" poster=\"https:\/\/volkmann-sv.de\/\/wp-content\/uploads\/2020\/12\/wasserhochdruck-duotwister-800x469.jpg\" preload=\"none\"><\/video>\n\t\t\t<video src=\"https:\/\/volkmann-sv.de\/wp-content\/uploads\/2020\/12\/animation-duotwister.mp4\" autoplay=\"\" webkit-playsinline=\"\" playsinline=\"\" loop=\"\" muted=\"muted\" controlsList=\"nodownload\" poster=\"https:\/\/volkmann-sv.de\/\/wp-content\/uploads\/2020\/12\/wasserhochdrucktechnologie-reduzierte-betriebskosten.png\" preload=\"none\"><\/video>\n<h2>\n\t\tStarke Wirkung bei reduzierten Betriebskosten\n\t<\/h2>\n\t<p>Das Absaugen des Schmutzwassers und aller Schmutzpartikel im gleichen Arbeitsgang und mit demselben Fahrzeug reduziert dar\u00fcber hinaus den Personalaufwand auf eine Person. Den <em>duo twister<\/em> gibt es mit einer Arbeitsbreite von 3,10 und 4,20 Metern. Somit kann der <em>duo twister <\/em>mit nur einer Maschine und einem Fahrer bis zu 4.980 qm pro Stunde reinigen und reduziert so deutlich die Betriebskosten.<\/p>\n\t\t\t\t<img loading=\"lazy\" decoding=\"async\" src=\"https:\/\/volkmann-sv.de\/wp-content\/uploads\/2025\/04\/duo-twister-infografik-2.png\" alt=\"duo twister infografik en\" itemprop=\"image\" height=\"1001\" width=\"1000\" title=\"duo twister infografik en\" onerror=\"this.style.display='none'\"  \/>\n\tmaximale\nReinigungs- und Saugleistung\n\tEinsatzdauer min. 6,5 h\n\treduzierte\nReinigungszeiten\n\tautark\neinsetzbar\n<h2>\n\t\tWater loop &#8211; bis zu 80% <br \/>reduzierte Abfallmenge\n\t<\/h2>\n\t<p>Die Absaugung des duo twister gew\u00e4hrleistet\u00a0eine nahezu vollst\u00e4ndige Wasserr\u00fcckf\u00fchrung in den Kreislauf.<\/p>\n\t\t\t\t<img decoding=\"async\" src=\"https:\/\/volkmann-sv.de\/wp-content\/uploads\/2021\/04\/waterloop-infographic.png\" alt=\"Wasserhochdrucktechnologie Infografik Waterloop Op\" itemprop=\"image\" title=\"Wasserhochdrucktechnologie Infografik Waterloop Op\" onerror=\"this.style.display='none'\"  \/>\n\t\t\t\t<img loading=\"lazy\" decoding=\"async\" src=\"https:\/\/volkmann-sv.de\/wp-content\/uploads\/2020\/12\/wasserhochdrucktechnologie-bilder-footer-op-1024x752.jpg\" alt=\"Wasserhochdrucktechnologie Bilder Footer Op\" itemprop=\"image\" height=\"752\" width=\"1024\" title=\"Wasserhochdrucktechnologie Bilder Footer Op\" onerror=\"this.style.display='none'\"  \/>\n\n","protected":false},"excerpt":{"rendered":"<p>Wasserhochdruck&shy;technologie Innovation. Leistung. Wirkung. Mit dem innovativen traffic-lines duo twister reinigen wir unterschiedlichste Oberfl\u00e4chen und stellen die Verkehrsf\u00e4higkeit wieder her. Ob Markierungen, Betonschl\u00e4mme oder hartn\u00e4ckiger Gummiabrieb, der duo twister\u00a0reinigt effektiv, effizient und umweltvertr\u00e4glich. 3.500 bar Wasserdruck 1 Fahrzeug bis 4,2 m Arbeitsbreite 4.980 qm\/h 1 Fahrer min. 6,5 h Einsatzdauer unter Vollast Innovative Technik:Die Ringspaltabsaugung [&hellip;]<\/p>\n","protected":false},"author":1,"featured_media":0,"parent":0,"menu_order":0,"comment_status":"closed","ping_status":"closed","template":"","meta":{"_acf_changed":false,"_seopress_robots_primary_cat":"","_seopress_titles_title":"","_seopress_titles_desc":"We can clean various different open-pored asphalt surfaces, concrete surfaces or stubborn rubber skid marks and restore the trafficability of these surfaces.","_seopress_robots_index":"","site-sidebar-layout":"no-sidebar","site-content-layout":"page-builder","ast-site-content-layout":"full-width-container","site-content-style":"unboxed","site-sidebar-style":"unboxed","ast-global-header-display":"","ast-banner-title-visibility":"","ast-main-header-display":"","ast-hfb-above-header-display":"","ast-hfb-below-header-display":"","ast-hfb-mobile-header-display":"","site-post-title":"disabled","ast-breadcrumbs-content":"","ast-featured-img":"disabled","footer-sml-layout":"","ast-disable-related-posts":"","theme-transparent-header-meta":"default","adv-header-id-meta":"","stick-header-meta":"default","header-above-stick-meta":"","header-main-stick-meta":"","header-below-stick-meta":"","astra-migrate-meta-layouts":"default","ast-page-background-enabled":"default","ast-page-background-meta":{"desktop":{"background-color":"","background-image":"","background-repeat":"repeat","background-position":"center center","background-size":"auto","background-attachment":"scroll","background-type":"","background-media":"","overlay-type":"","overlay-color":"","overlay-opacity":"","overlay-gradient":""},"tablet":{"background-color":"","background-image":"","background-repeat":"repeat","background-position":"center center","background-size":"auto","background-attachment":"scroll","background-type":"","background-media":"","overlay-type":"","overlay-color":"","overlay-opacity":"","overlay-gradient":""},"mobile":{"background-color":"","background-image":"","background-repeat":"repeat","background-position":"center center","background-size":"auto","background-attachment":"scroll","background-type":"","background-media":"","overlay-type":"","overlay-color":"","overlay-opacity":"","overlay-gradient":""}},"ast-content-background-meta":{"desktop":{"background-color":"var(--ast-global-color-5)","background-image":"","background-repeat":"repeat","background-position":"center center","background-size":"auto","background-attachment":"scroll","background-type":"","background-media":"","overlay-type":"","overlay-color":"","overlay-opacity":"","overlay-gradient":""},"tablet":{"background-color":"var(--ast-global-color-5)","background-image":"","background-repeat":"repeat","background-position":"center center","background-size":"auto","background-attachment":"scroll","background-type":"","background-media":"","overlay-type":"","overlay-color":"","overlay-opacity":"","overlay-gradient":""},"mobile":{"background-color":"var(--ast-global-color-5)","background-image":"","background-repeat":"repeat","background-position":"center center","background-size":"auto","background-attachment":"scroll","background-type":"","background-media":"","overlay-type":"","overlay-color":"","overlay-opacity":"","overlay-gradient":""}},"footnotes":""},"hf_cat_page":[],"class_list":["post-1842","page","type-page","status-publish"],"acf":[],"_links":{"self":[{"href":"https:\/\/volkmann-sv.de\/en\/wp-json\/wp\/v2\/pages\/1842","targetHints":{"allow":["GET"]}}],"collection":[{"href":"https:\/\/volkmann-sv.de\/en\/wp-json\/wp\/v2\/pages"}],"about":[{"href":"https:\/\/volkmann-sv.de\/en\/wp-json\/wp\/v2\/types\/page"}],"author":[{"embeddable":true,"href":"https:\/\/volkmann-sv.de\/en\/wp-json\/wp\/v2\/users\/1"}],"replies":[{"embeddable":true,"href":"https:\/\/volkmann-sv.de\/en\/wp-json\/wp\/v2\/comments?post=1842"}],"version-history":[{"count":7,"href":"https:\/\/volkmann-sv.de\/en\/wp-json\/wp\/v2\/pages\/1842\/revisions"}],"predecessor-version":[{"id":5670,"href":"https:\/\/volkmann-sv.de\/en\/wp-json\/wp\/v2\/pages\/1842\/revisions\/5670"}],"wp:attachment":[{"href":"https:\/\/volkmann-sv.de\/en\/wp-json\/wp\/v2\/media?parent=1842"}],"wp:term":[{"taxonomy":"hf_cat_page","embeddable":true,"href":"https:\/\/volkmann-sv.de\/en\/wp-json\/wp\/v2\/hf_cat_page?post=1842"}],"curies":[{"name":"wp","href":"https:\/\/api.w.org\/{rel}","templated":true}]}}