{"id":1844,"date":"2021-03-24T15:29:50","date_gmt":"2021-03-24T14:29:50","guid":{"rendered":"https:\/\/volkmann-sv.de\/about-vsv-volkmann-strassen-verkehrstechnik\/"},"modified":"2025-05-17T11:46:35","modified_gmt":"2025-05-17T09:46:35","slug":"about-vsv-volkmann-strassen-verkehrstechnik","status":"publish","type":"page","link":"https:\/\/volkmann-sv.de\/en\/about-vsv-volkmann-strassen-verkehrstechnik\/","title":{"rendered":"About us"},"content":{"rendered":"\n<h1>\n\t\tKonstanz.<br \/>Innovation.<br \/>Verl\u00e4sslichkeit.\n\t<\/h1>\n\t<p>Ein Unternehmen der Volkmann-Gruppe<\/p>\n\t<p>Gemeinsam mit den Partnern in der Volkmann-Gruppe umfasst unser Portfolio fast das gesamte Spektrum der Verkehrssicherheit und Stra\u00dfenausstattung. Damit greifen wir in Beratung und Planung auf eine Vielzahl effektiver und kompatibler Systeme zur\u00fcck, die zu effektiven Verkehrsf\u00fchrungskonzepten kombiniert werden k\u00f6nnen.<\/p>\n\t<p>Bei VSV &#8211; Volkmann Strassen- und Verkehrstechnik kommen agile Entwicklung ma\u00dfgeschneiderter, innovativer Verkehrstechnik und die konstant hohe Leistungsf\u00e4higkeit eines Branchen&shy;schwergewichts zusammen und sorgen zuverl\u00e4ssig f\u00fcr h\u00f6chste Qualit\u00e4t und Sicherheit.<\/p>\n\t\t<h2>\n\t\t\tDas sind wir &#8211;\n\t\t\t\t\t\t\t\t\t\t\tunsere Standorte\n\t\t<\/h2>\n\t\t\t\t<img loading=\"lazy\" decoding=\"async\" src=\"https:\/\/volkmann-sv.de\/wp-content\/uploads\/2025\/04\/vsv-einsatzgebiete-deutschland.png\" alt=\"vsv einsatzgebiete deutschland\" itemprop=\"image\" height=\"1490\" width=\"2020\" title=\"vsv einsatzgebiete deutschland\" onerror=\"this.style.display='none'\"  \/>\n\tVolkmann Strassen-<br \/>\nund Verkehrstechnik GmbH<br \/>\nHohe Stra\u00dfe 9 &#8211; 17<br \/>\n56410 Montabaur\n\t\t\t<a href=\"https:\/\/goo.gl\/maps\/rZmw7tsmk4DbHHhq7\" target=\"_blank\" rel=\"noopener\">\n\t\t\t\t\t\t\tAnfahrt\n\t\t\t\t\t<\/a>\n\tTel: <a href=\"tel:+49260294700\">+49 2602 9470 0<\/a><br \/>\n<a href=\"mailto:info@volkmann-sv.de\">info@volkmann-sv.de<\/a>\n\t\t\t\t<a href=\"https:\/\/www.volkmann-rossbach.de\"  target=\"_blank\" rel=\"noopener\"  itemprop=\"url\">\n\t\t\t\t<img decoding=\"async\" src=\"https:\/\/volkmann-sv.de\/\/wp-content\/uploads\/2020\/12\/vr-volkmann-rossbach-logo.png\" alt=\"Vr Volkmann Rossbach Logo\" itemprop=\"image\" title=\"Vr Volkmann Rossbach Logo\" onerror=\"this.style.display='none'\"  \/>\n\t\t\t\t<\/a>\n<h2>\n\t\tVolkmann &#038; Rossbach\n\t<\/h2>\n\t<p>VSV &#8211; Volkmann Strassen- und Verkehrstechnik ist eine 2020 erfolgte Ausgru\u0308ndung aus der Volkmann &amp; Rossbach GmbH. Als Teil der international agierenden VR-Gruppe bietet die VSV Expertise, Leistung und Produkte weit \u00fcber das eigene Portfolio hinaus.<\/p>\n\t\t\t<video src=\"https:\/\/volkmann-sv.de\/wp-content\/uploads\/2025\/04\/team-volkmann.mp4\" autoplay=\"\" webkit-playsinline=\"\" playsinline=\"\" controls=\"\" muted=\"muted\" controlsList=\"nodownload\" poster=\"https:\/\/volkmann-sv.de\/wp-content\/uploads\/2025\/04\/team-volkmann-karriere-00001-1536x1022-1-1024x681.jpeg\" preload=\"none\" title=\"Teaservideo Team Volkmann\"><\/video>\n<h2>\n\t\tKomm&#8217; ins Team Volkmann\n\t<\/h2>\n\t<p>Unser Engagement f\u00fcr Menschenrechte und Nachhaltigkeit ist tief in unserer Unternehmenskultur verankert.<\/p>\n<p>Wir glauben fest daran, dass verantwortungsvolles Handeln nicht nur richtig ist, sondern auch zu einem langfristigen Erfolg und Vertrauen unserer Kunden, Partner und der Gesellschaft f\u00fchrt.<\/p>\n\t\t\t<a href=\"https:\/\/team-volkmann.de\" target=\"_blank\" rel=\"noopener\">\n\t\t\t\t\t\t\tJetzt zum Team geh\u00f6ren &rarr;\n\t\t\t\t\t<\/a>\n\n","protected":false},"excerpt":{"rendered":"<p>Konstanz.Innovation.Verl\u00e4sslichkeit. Ein Unternehmen der Volkmann-Gruppe Gemeinsam mit den Partnern in der Volkmann-Gruppe umfasst unser Portfolio fast das gesamte Spektrum der Verkehrssicherheit und Stra\u00dfenausstattung. Damit greifen wir in Beratung und Planung auf eine Vielzahl effektiver und kompatibler Systeme zur\u00fcck, die zu effektiven Verkehrsf\u00fchrungskonzepten kombiniert werden k\u00f6nnen. Bei VSV &#8211; Volkmann Strassen- und Verkehrstechnik kommen agile Entwicklung [&hellip;]<\/p>\n","protected":false},"author":1,"featured_media":0,"parent":0,"menu_order":0,"comment_status":"closed","ping_status":"open","template":"","meta":{"_acf_changed":false,"_seopress_robots_primary_cat":"","_seopress_titles_title":"","_seopress_titles_desc":"VSV delivers innovative products, technology, and services for road and traffic safety.","_seopress_robots_index":"","site-sidebar-layout":"default","site-content-layout":"default","ast-site-content-layout":"default","site-content-style":"default","site-sidebar-style":"default","ast-global-header-display":"","ast-banner-title-visibility":"","ast-main-header-display":"","ast-hfb-above-header-display":"","ast-hfb-below-header-display":"","ast-hfb-mobile-header-display":"","site-post-title":"","ast-breadcrumbs-content":"","ast-featured-img":"","footer-sml-layout":"","ast-disable-related-posts":"","theme-transparent-header-meta":"default","adv-header-id-meta":"","stick-header-meta":"default","header-above-stick-meta":"","header-main-stick-meta":"","header-below-stick-meta":"","astra-migrate-meta-layouts":"default","ast-page-background-enabled":"default","ast-page-background-meta":{"desktop":{"background-color":"","background-image":"","background-repeat":"repeat","background-position":"center center","background-size":"auto","background-attachment":"scroll","background-type":"","background-media":"","overlay-type":"","overlay-color":"","overlay-opacity":"","overlay-gradient":""},"tablet":{"background-color":"","background-image":"","background-repeat":"repeat","background-position":"center center","background-size":"auto","background-attachment":"scroll","background-type":"","background-media":"","overlay-type":"","overlay-color":"","overlay-opacity":"","overlay-gradient":""},"mobile":{"background-color":"","background-image":"","background-repeat":"repeat","background-position":"center center","background-size":"auto","background-attachment":"scroll","background-type":"","background-media":"","overlay-type":"","overlay-color":"","overlay-opacity":"","overlay-gradient":""}},"ast-content-background-meta":{"desktop":{"background-color":"var(--ast-global-color-5)","background-image":"","background-repeat":"repeat","background-position":"center center","background-size":"auto","background-attachment":"scroll","background-type":"","background-media":"","overlay-type":"","overlay-color":"","overlay-opacity":"","overlay-gradient":""},"tablet":{"background-color":"var(--ast-global-color-5)","background-image":"","background-repeat":"repeat","background-position":"center center","background-size":"auto","background-attachment":"scroll","background-type":"","background-media":"","overlay-type":"","overlay-color":"","overlay-opacity":"","overlay-gradient":""},"mobile":{"background-color":"var(--ast-global-color-5)","background-image":"","background-repeat":"repeat","background-position":"center center","background-size":"auto","background-attachment":"scroll","background-type":"","background-media":"","overlay-type":"","overlay-color":"","overlay-opacity":"","overlay-gradient":""}},"footnotes":""},"hf_cat_page":[],"class_list":["post-1844","page","type-page","status-publish"],"acf":[],"_links":{"self":[{"href":"https:\/\/volkmann-sv.de\/en\/wp-json\/wp\/v2\/pages\/1844","targetHints":{"allow":["GET"]}}],"collection":[{"href":"https:\/\/volkmann-sv.de\/en\/wp-json\/wp\/v2\/pages"}],"about":[{"href":"https:\/\/volkmann-sv.de\/en\/wp-json\/wp\/v2\/types\/page"}],"author":[{"embeddable":true,"href":"https:\/\/volkmann-sv.de\/en\/wp-json\/wp\/v2\/users\/1"}],"replies":[{"embeddable":true,"href":"https:\/\/volkmann-sv.de\/en\/wp-json\/wp\/v2\/comments?post=1844"}],"version-history":[{"count":6,"href":"https:\/\/volkmann-sv.de\/en\/wp-json\/wp\/v2\/pages\/1844\/revisions"}],"predecessor-version":[{"id":5628,"href":"https:\/\/volkmann-sv.de\/en\/wp-json\/wp\/v2\/pages\/1844\/revisions\/5628"}],"wp:attachment":[{"href":"https:\/\/volkmann-sv.de\/en\/wp-json\/wp\/v2\/media?parent=1844"}],"wp:term":[{"taxonomy":"hf_cat_page","embeddable":true,"href":"https:\/\/volkmann-sv.de\/en\/wp-json\/wp\/v2\/hf_cat_page?post=1844"}],"curies":[{"name":"wp","href":"https:\/\/api.w.org\/{rel}","templated":true}]}}