{"id":1846,"date":"2021-03-24T15:30:15","date_gmt":"2021-03-24T14:30:15","guid":{"rendered":"https:\/\/volkmann-sv.de\/lane-marking\/"},"modified":"2025-05-17T11:09:23","modified_gmt":"2025-05-17T09:09:23","slug":"lane-marking","status":"publish","type":"page","link":"https:\/\/volkmann-sv.de\/en\/lane-marking\/","title":{"rendered":"Road Marking"},"content":{"rendered":"\n\n\t\t\t\t<img decoding=\"async\" src=\"https:\/\/volkmann-sv.de\/\/wp-content\/uploads\/2020\/11\/orange-line-skewed.svg\" alt=\"Orange Line Skewed\" itemprop=\"image\" title=\"Orange Line Skewed\" onerror=\"this.style.display='none'\"  \/>\n<h1>\n\t\tFahrbahnmarkierung\n\t<\/h1>\n\t<p>F\u00fcr eine eindeutige und sichere Verkehrsf\u00fchrung.<\/p>\n\t\t\t\t<img decoding=\"async\" src=\"https:\/\/volkmann-sv.de\/\/wp-content\/uploads\/2020\/11\/orange-line-skewed.svg\" alt=\"Orange Line Skewed\" itemprop=\"image\" title=\"Orange Line Skewed\" onerror=\"this.style.display='none'\"  \/>\n\t<p>Mit langj\u00e4hriger Erfahrung und einem breiten Portfolio ist VSV der optimale Partner f\u00fcr zuverl\u00e4ssige und in Material und Technik auf individuelle Situationen abgestimmte Fahrbahn- und Verkehrsfl\u00e4chenmarkierung.<\/p>\n\t<p>Fahrbahnmarkierungen geben Sicherheit und Orientierung, sind aber auch Verkehrszeichen gem\u00e4\u00df der StVo. Daraus ergeben sich eine Vielzahl unterschiedlicher verkehrstechnischer Anforderungen.<\/p>\n\t<p>Diese reichen von Best\u00e4ndigkeit und Verschlei\u00df \u00fcber die Sichtbarkeit bei Tag, Nacht und N\u00e4sse, bis hin zur Griffigkeit auf jeweiligen Fahrbahnuntergr\u00fcnden.<\/p>\n\t\t\t\t<img decoding=\"async\" src=\"https:\/\/volkmann-sv.de\/\/wp-content\/uploads\/2020\/12\/fahrbahnmarkierung-markierung-collage-1.jpg\" alt=\"Fahrbahnmarkierung Markierung Collage\" itemprop=\"image\" title=\"Fahrbahnmarkierung Markierung Collage\" onerror=\"this.style.display='none'\"  \/>\n\t\t\t\t<img decoding=\"async\" src=\"https:\/\/volkmann-sv.de\/\/wp-content\/uploads\/2020\/11\/orange-line-skewed.svg\" alt=\"Orange Line Skewed\" itemprop=\"image\" title=\"Orange Line Skewed\" onerror=\"this.style.display='none'\"  \/>\n<h2>\n\t\tMaterialvielfalt\n\t<\/h2>\n\tFahrbahn- und Verkehrsfl\u00e4chenmarkierung<br \/>\nf\u00fcr jede Situation\n\t\t\t\t<img decoding=\"async\" src=\"https:\/\/volkmann-sv.de\/\/wp-content\/uploads\/2020\/12\/fahrbahnmarkierung-farbe.jpg\" alt=\"Fahrbahnmarkierung Farbe\" itemprop=\"image\" title=\"Fahrbahnmarkierung Farbe\" onerror=\"this.style.display='none'\"  \/>\n<h3>\n\t\tFarbe\n\t<\/h3>\n\tWasserverd\u00fcnnbare und<br \/>\nHigh-Solid-Farben\n\t\t\t\t<img decoding=\"async\" src=\"https:\/\/volkmann-sv.de\/\/wp-content\/uploads\/2020\/12\/fahrbahnmarkierung-plastik-2.jpg\" alt=\"Fahrbahnmarkierung Plastik\" itemprop=\"image\" title=\"Fahrbahnmarkierung Plastik\" onerror=\"this.style.display='none'\"  \/>\n<h3>\n\t\tPlastik\n\t<\/h3>\n\tKaltspritzplastiken, Hei\u00df-<br \/>\nund Kaltplastikmassen\n\t\t\t\t<img decoding=\"async\" src=\"https:\/\/volkmann-sv.de\/\/wp-content\/uploads\/2020\/12\/fahrbahnmarkierung-folie-1.jpg\" alt=\"Fahrbahnmarkierung Folie\" itemprop=\"image\" title=\"Fahrbahnmarkierung Folie\" onerror=\"this.style.display='none'\"  \/>\n<h3>\n\t\tFolie\n\t<\/h3>\n\tTempor\u00e4re und dauerhafte<br \/>\nFolienmarkierung\n\t\t\t\t\t\t\t\t\t\t\t\t\t\t\t\t\t<a href=\"https:\/\/volkmann-sv.de\/wp-content\/uploads\/2020\/12\/fahrbahnmarkierung-volkmann-01.png\" target=\"_self\" data-caption=\"\" rel=\"noopener\" data-lbwps-width=\"650\" data-lbwps-height=\"320\" data-lbwps-srcsmall=\"https:\/\/volkmann-sv.de\/wp-content\/uploads\/2020\/12\/fahrbahnmarkierung-volkmann-01.png\">\n\t\t\t\t\t\t<figure>\n\t\t\t\t\t\t\t<img decoding=\"async\" src=\"https:\/\/volkmann-sv.de\/wp-content\/uploads\/2020\/12\/fahrbahnmarkierung-volkmann-01.png\" alt=\"Fahrbahnmarkierung Volkmann 01\" \/>\n\t\t\t\t\t\t<\/figure>\n\t\t\t\t\t\t\t\t\t\t<\/a>\n\t\t\t\t\t\t\t\t\t\t\t\t\t\t\t\t\t<a href=\"https:\/\/volkmann-sv.de\/wp-content\/uploads\/2020\/12\/fahrbahnmarkierung-volkmann-02.png\" target=\"_self\" data-caption=\"\" rel=\"noopener\" data-lbwps-width=\"650\" data-lbwps-height=\"320\" data-lbwps-srcsmall=\"https:\/\/volkmann-sv.de\/wp-content\/uploads\/2020\/12\/fahrbahnmarkierung-volkmann-02.png\">\n\t\t\t\t\t\t<figure>\n\t\t\t\t\t\t\t<img decoding=\"async\" src=\"https:\/\/volkmann-sv.de\/wp-content\/uploads\/2020\/12\/fahrbahnmarkierung-volkmann-02.png\" alt=\"Fahrbahnmarkierung Volkmann 02\" \/>\n\t\t\t\t\t\t<\/figure>\n\t\t\t\t\t\t\t\t\t\t<\/a>\n\t\t\t\t\t\t\t\t\t\t\t\t\t\t\t\t\t<a href=\"https:\/\/volkmann-sv.de\/wp-content\/uploads\/2020\/12\/fahrbahnmarkierung-volkmann-03.png\" target=\"_self\" data-caption=\"\" rel=\"noopener\" data-lbwps-width=\"650\" data-lbwps-height=\"320\" data-lbwps-srcsmall=\"https:\/\/volkmann-sv.de\/wp-content\/uploads\/2020\/12\/fahrbahnmarkierung-volkmann-03.png\">\n\t\t\t\t\t\t<figure>\n\t\t\t\t\t\t\t<img decoding=\"async\" src=\"https:\/\/volkmann-sv.de\/wp-content\/uploads\/2020\/12\/fahrbahnmarkierung-volkmann-03.png\" alt=\"Fahrbahnmarkierung Volkmann 03\" \/>\n\t\t\t\t\t\t<\/figure>\n\t\t\t\t\t\t\t\t\t\t<\/a>\n\t\t\t\t\t\t\t\t\t\t\t\t\t\t\t\t\t<a href=\"https:\/\/volkmann-sv.de\/wp-content\/uploads\/2020\/12\/fahrbahnmarkierung-volkmann-04.png\" target=\"_self\" data-caption=\"\" rel=\"noopener\" data-lbwps-width=\"650\" data-lbwps-height=\"320\" data-lbwps-srcsmall=\"https:\/\/volkmann-sv.de\/wp-content\/uploads\/2020\/12\/fahrbahnmarkierung-volkmann-04.png\">\n\t\t\t\t\t\t<figure>\n\t\t\t\t\t\t\t<img decoding=\"async\" src=\"https:\/\/volkmann-sv.de\/wp-content\/uploads\/2020\/12\/fahrbahnmarkierung-volkmann-04.png\" alt=\"Fahrbahnmarkierung Volkmann 04\" \/>\n\t\t\t\t\t\t<\/figure>\n\t\t\t\t\t\t\t\t\t\t<\/a>\n\t\t\t\t\t\t\t\t\t\t\t\t\t\t\t\t\t<a href=\"https:\/\/volkmann-sv.de\/wp-content\/uploads\/2020\/12\/fahrbahnmarkierung-volkmann-05.png\" target=\"_self\" data-caption=\"\" rel=\"noopener\" data-lbwps-width=\"650\" data-lbwps-height=\"320\" data-lbwps-srcsmall=\"https:\/\/volkmann-sv.de\/wp-content\/uploads\/2020\/12\/fahrbahnmarkierung-volkmann-05.png\">\n\t\t\t\t\t\t<figure>\n\t\t\t\t\t\t\t<img decoding=\"async\" src=\"https:\/\/volkmann-sv.de\/wp-content\/uploads\/2020\/12\/fahrbahnmarkierung-volkmann-05.png\" alt=\"Fahrbahnmarkierung Volkmann 05\" \/>\n\t\t\t\t\t\t<\/figure>\n\t\t\t\t\t\t\t\t\t\t<\/a>\n\t\t\t\t\t\t\t\t\t\t\t\t\t\t\t\t\t<a href=\"https:\/\/volkmann-sv.de\/wp-content\/uploads\/2020\/12\/fahrbahnmarkierung-volkmann-06.png\" target=\"_self\" data-caption=\"\" rel=\"noopener\" data-lbwps-width=\"650\" data-lbwps-height=\"320\" data-lbwps-srcsmall=\"https:\/\/volkmann-sv.de\/wp-content\/uploads\/2020\/12\/fahrbahnmarkierung-volkmann-06.png\">\n\t\t\t\t\t\t<figure>\n\t\t\t\t\t\t\t<img decoding=\"async\" src=\"https:\/\/volkmann-sv.de\/wp-content\/uploads\/2020\/12\/fahrbahnmarkierung-volkmann-06.png\" alt=\"Fahrbahnmarkierung Volkmann 06\" \/>\n\t\t\t\t\t\t<\/figure>\n\t\t\t\t\t\t\t\t\t\t<\/a>\n\t\t\t\t\t\t\t\t\t\t\t\t\t\t\t\t\t<a href=\"https:\/\/volkmann-sv.de\/wp-content\/uploads\/2020\/12\/fahrbahnmarkierung-volkmann-07.png\" target=\"_self\" data-caption=\"\" rel=\"noopener\" data-lbwps-width=\"650\" data-lbwps-height=\"320\" data-lbwps-srcsmall=\"https:\/\/volkmann-sv.de\/wp-content\/uploads\/2020\/12\/fahrbahnmarkierung-volkmann-07.png\">\n\t\t\t\t\t\t<figure>\n\t\t\t\t\t\t\t<img decoding=\"async\" src=\"https:\/\/volkmann-sv.de\/wp-content\/uploads\/2020\/12\/fahrbahnmarkierung-volkmann-07.png\" alt=\"Fahrbahnmarkierung Volkmann 07\" \/>\n\t\t\t\t\t\t<\/figure>\n\t\t\t\t\t\t\t\t\t\t<\/a>\n\t\t\t\t\t\t\t\t<!-- pagination -->\n\t\t\t\t\t\t<!-- navigation arrows -->\n\t\t\t\t<img decoding=\"async\" src=\"https:\/\/volkmann-sv.de\/\/wp-content\/uploads\/2020\/11\/orange-line-skewed.svg\" alt=\"Orange Line Skewed\" itemprop=\"image\" title=\"Orange Line Skewed\" onerror=\"this.style.display='none'\"  \/>\n<h2>\n\t\tApplikationsverfahren\n\t<\/h2>\n\t<p>Best\u00e4ndig. Sicher. Flexibel.<\/p>\n\t<p>Die optimale Markierung ist immer eine Kombination von Material und Technik. Wir beraten Sie gerne und finden gemeinsam schnell und einfach die beste Markierung f\u00fcr Ihre Situation.<\/p>\n\t<p>Das breite Portfolio der VSV erm\u00f6glicht es alle g\u00e4ngigen Verfahren und Materialien anzubieten und damit entsprechend der \u00f6rtlichen Gegebenheiten und der verkehrsrechtlichen Anforderungen die sinnvollste L\u00f6sung zu finden.<\/p>\n\t\t\t\t<img decoding=\"async\" src=\"https:\/\/volkmann-sv.de\/\/wp-content\/uploads\/2020\/11\/orange-line-skewed.svg\" alt=\"Orange Line Skewed\" itemprop=\"image\" title=\"Orange Line Skewed\" onerror=\"this.style.display='none'\"  \/>\n<h2>\n\t\tSicherheit durch<br \/>Sichtbarkeit Typ-II-Markierung\n\t<\/h2>\n\t<p>Typ-II-Markierungen haben gerade bei N\u00e4sse eine deutlich h\u00f6here Sichtbarkeit, da ihre Reflexperlen aus dem Wasserfilm heraus ragen.<\/p>\n\t\t\t\t<img decoding=\"async\" src=\"https:\/\/volkmann-sv.de\/\/wp-content\/uploads\/2020\/12\/typ-2-markierung.jpg\" alt=\"Typ 2 Markierung\" itemprop=\"image\" title=\"Typ 2 Markierung\" onerror=\"this.style.display='none'\"  \/>\n\t\t\t\t<img decoding=\"async\" src=\"https:\/\/volkmann-sv.de\/\/wp-content\/uploads\/2020\/12\/markierung-reflektion-nachtstreumittel-1.png\" alt=\"Markierung Reflektion Nachtstreumittel\" itemprop=\"image\" title=\"Markierung Reflektion Nachtstreumittel\" onerror=\"this.style.display='none'\"  \/>\n<h3>\n\t\tGlatte Markierung mit groben Nachstreumitteln\n\t<\/h3>\n\t<p>Das Markierungsmaterial wird bei der Applikation mit groben Nachstreumitteln abgestreut, sodass diese aus dem Wasserfilm herausragen und eine erh\u00f6hte Nachtsichtbarkeit bei Feuchtigkeit geben ist.<\/p>\n\t\t\t\t<img decoding=\"async\" src=\"https:\/\/volkmann-sv.de\/\/wp-content\/uploads\/2020\/12\/markierung-reflektion-haptische-akustische-warnwirkung.png\" alt=\"Markierung Reflektion Haptische Akustische Warnwirkung\" itemprop=\"image\" title=\"Markierung Reflektion Haptische Akustische Warnwirkung\" onerror=\"this.style.display='none'\"  \/>\n<h3>\n\t\tProfilierte Markierungen mit haptischer und akustischer Warnwirkung\n\t<\/h3>\n\t<p>Diese Markierungen erhalten eine starke Profilierung an der Oberfl\u00e4che durch Stege. Diese erzeugen eine haptische und akustische Warnwirkung, wenn sie mit dem Kraftfahrzeug \u00fcberfahren werden. Die Ger\u00e4uschentwicklung kann jedoch von Anwohnern als st\u00f6rend empfunden werden. Ein weiterer Nachteil ist der hohe Verschlei\u00df der Markierung z.B. bei h\u00e4ufigem Schneepflugeinsatz.<\/p>\n\t\t\t\t<img decoding=\"async\" src=\"https:\/\/volkmann-sv.de\/\/wp-content\/uploads\/2020\/12\/fahrbahnmarkierung-drainage-1.png\" alt=\"Fahrbahnmarkierung Drainage\" itemprop=\"image\" title=\"Fahrbahnmarkierung Drainage\" onerror=\"this.style.display='none'\"  \/>\n<h3>\n\t\tDickschichtmarkierung mit Agglomeraten\n\t<\/h3>\n\t<p>Ungleiche Gr\u00f6\u00dfenbestandteile f\u00fchren zu einer unebenen Oberfl\u00e4che. Der Markierungsstoff wird nicht vollfl\u00e4chig aufgebracht, wird aus der Entfernung aber als Vollstrich wahrgenommen. Dar\u00fcber hinaus liefert diese Markierung h\u00f6here Griffigkeitswerte und zeigt sich relativ widerstandsf\u00e4hig gegen\u00fcber h\u00e4ufigem Schneepflugeinsatz.<\/p>\n<h2>\n\t\tFolienmarkierung\n\t<\/h2>\n\tFlexibel einsetzbar. Lange nutzbar.<br \/>\nSchnell zu verlegen.\n\t<p>Nicht nur f\u00fcr die tempor\u00e4re Verkehrsf\u00fchrung z.B. im Baustellenbereich, auch f\u00fcr den dauerhaften Einsatz unter starker Beanspruchung geeignet.<\/p>\n\t<p>Folienmarkierungen unterliegen bei ihrer Herstellung nicht den wechselnden Witterungsgegebenheiten und k\u00f6nnen mit verschiedenen technischen Methoden auf nahezu jeder Fahrbahndeckenkonstruktion aufgebracht werden. Gerade f\u00fcr schnelle Eingriffe in den Verkehr bieten sich Folienmarkierungen an, da sie sofort befahrbar sind.<\/p>\n<h2>\n\t\tTempor\u00e4re Folienmarkierung\n\t<\/h2>\n\t<p>Notma\u00dfnahmen oder Nachtbaustellen ben\u00f6tigen unter anderem die sogenannte \u201eGelbmarkierung&#8221;, die f\u00fcr einen vor\u00fcbergehenden Zeitraum die wei\u00dfe Fahrbahnmarkierung aufhebt.<\/p>\nBei Tag wie auch bei Nacht muss diese daher mindestens so gut erkennbar sein wie die vorhandene wei\u00dfe Markierung.<br \/>\nGerade in verengten Baustellenbereichen oder bei fehlender Fahrbahnbegrenzung mindern hochwertige Fahrbahnmarkierungen Unsicherheit und Gefahren wirkungsvoll.\n\t\t\t\t<img decoding=\"async\" src=\"https:\/\/volkmann-sv.de\/\/wp-content\/uploads\/2020\/12\/temporaere-folienmarkierung-fahrbahnmarkierung-800x472.jpg\" alt=\"Temporaere Folienmarkierung Fahrbahnmarkierung\" itemprop=\"image\" title=\"Temporaere Folienmarkierung Fahrbahnmarkierung\" onerror=\"this.style.display='none'\"  \/>\n\t\t\t\t<img decoding=\"async\" src=\"https:\/\/volkmann-sv.de\/\/wp-content\/uploads\/2020\/12\/dauerhafte-folienmarkierung-fahrbahnmarkierung-1.jpg\" alt=\"Dauerhafte Folienmarkierung Fahrbahnmarkierung\" itemprop=\"image\" title=\"Dauerhafte Folienmarkierung Fahrbahnmarkierung\" onerror=\"this.style.display='none'\"  \/>\n<h2>\n\t\tDauerhafte Folienmarkierung\n\t<\/h2>\n\t<p>Ideal f\u00fcr Dauerbaustellen k\u00f6nnen dauerhafte Folienmarkierungen auch in der permanenten Verkehrsf\u00fchrung eingesetzt werden.<\/p>\n<p>Mit h\u00f6chsten Retroreflexions- und Griffigkeitswerten auch bei langer Nutzungsdauer ist die Folienmarkierung eine einfache M\u00f6glichkeit, die auf unterschiedlichsten Untergr\u00fcnden und Fahrbahnen aufgebracht werden kann und sofort befahrbar ist.<\/p>\n\n","protected":false},"excerpt":{"rendered":"<p>Fahrbahnmarkierung F\u00fcr eine eindeutige und sichere Verkehrsf\u00fchrung. Mit langj\u00e4hriger Erfahrung und einem breiten Portfolio ist VSV der optimale Partner f\u00fcr zuverl\u00e4ssige und in Material und Technik auf individuelle Situationen abgestimmte Fahrbahn- und Verkehrsfl\u00e4chenmarkierung. Fahrbahnmarkierungen geben Sicherheit und Orientierung, sind aber auch Verkehrszeichen gem\u00e4\u00df der StVo. Daraus ergeben sich eine Vielzahl unterschiedlicher verkehrstechnischer Anforderungen. Diese reichen [&hellip;]<\/p>\n","protected":false},"author":1,"featured_media":0,"parent":0,"menu_order":0,"comment_status":"closed","ping_status":"open","template":"","meta":{"_acf_changed":false,"_seopress_robots_primary_cat":"","_seopress_titles_title":"","_seopress_titles_desc":"Thanks to our long-standing experience and broad portfolio, we are your ideal partner for road and traffic marking.","_seopress_robots_index":"","site-sidebar-layout":"default","site-content-layout":"default","ast-site-content-layout":"default","site-content-style":"default","site-sidebar-style":"default","ast-global-header-display":"","ast-banner-title-visibility":"","ast-main-header-display":"","ast-hfb-above-header-display":"","ast-hfb-below-header-display":"","ast-hfb-mobile-header-display":"","site-post-title":"","ast-breadcrumbs-content":"","ast-featured-img":"","footer-sml-layout":"","ast-disable-related-posts":"","theme-transparent-header-meta":"default","adv-header-id-meta":"","stick-header-meta":"default","header-above-stick-meta":"","header-main-stick-meta":"","header-below-stick-meta":"","astra-migrate-meta-layouts":"default","ast-page-background-enabled":"default","ast-page-background-meta":{"desktop":{"background-color":"","background-image":"","background-repeat":"repeat","background-position":"center center","background-size":"auto","background-attachment":"scroll","background-type":"","background-media":"","overlay-type":"","overlay-color":"","overlay-opacity":"","overlay-gradient":""},"tablet":{"background-color":"","background-image":"","background-repeat":"repeat","background-position":"center center","background-size":"auto","background-attachment":"scroll","background-type":"","background-media":"","overlay-type":"","overlay-color":"","overlay-opacity":"","overlay-gradient":""},"mobile":{"background-color":"","background-image":"","background-repeat":"repeat","background-position":"center center","background-size":"auto","background-attachment":"scroll","background-type":"","background-media":"","overlay-type":"","overlay-color":"","overlay-opacity":"","overlay-gradient":""}},"ast-content-background-meta":{"desktop":{"background-color":"var(--ast-global-color-5)","background-image":"","background-repeat":"repeat","background-position":"center center","background-size":"auto","background-attachment":"scroll","background-type":"","background-media":"","overlay-type":"","overlay-color":"","overlay-opacity":"","overlay-gradient":""},"tablet":{"background-color":"var(--ast-global-color-5)","background-image":"","background-repeat":"repeat","background-position":"center center","background-size":"auto","background-attachment":"scroll","background-type":"","background-media":"","overlay-type":"","overlay-color":"","overlay-opacity":"","overlay-gradient":""},"mobile":{"background-color":"var(--ast-global-color-5)","background-image":"","background-repeat":"repeat","background-position":"center center","background-size":"auto","background-attachment":"scroll","background-type":"","background-media":"","overlay-type":"","overlay-color":"","overlay-opacity":"","overlay-gradient":""}},"footnotes":""},"hf_cat_page":[],"class_list":["post-1846","page","type-page","status-publish"],"acf":[],"_links":{"self":[{"href":"https:\/\/volkmann-sv.de\/en\/wp-json\/wp\/v2\/pages\/1846","targetHints":{"allow":["GET"]}}],"collection":[{"href":"https:\/\/volkmann-sv.de\/en\/wp-json\/wp\/v2\/pages"}],"about":[{"href":"https:\/\/volkmann-sv.de\/en\/wp-json\/wp\/v2\/types\/page"}],"author":[{"embeddable":true,"href":"https:\/\/volkmann-sv.de\/en\/wp-json\/wp\/v2\/users\/1"}],"replies":[{"embeddable":true,"href":"https:\/\/volkmann-sv.de\/en\/wp-json\/wp\/v2\/comments?post=1846"}],"version-history":[{"count":5,"href":"https:\/\/volkmann-sv.de\/en\/wp-json\/wp\/v2\/pages\/1846\/revisions"}],"predecessor-version":[{"id":5633,"href":"https:\/\/volkmann-sv.de\/en\/wp-json\/wp\/v2\/pages\/1846\/revisions\/5633"}],"wp:attachment":[{"href":"https:\/\/volkmann-sv.de\/en\/wp-json\/wp\/v2\/media?parent=1846"}],"wp:term":[{"taxonomy":"hf_cat_page","embeddable":true,"href":"https:\/\/volkmann-sv.de\/en\/wp-json\/wp\/v2\/hf_cat_page?post=1846"}],"curies":[{"name":"wp","href":"https:\/\/api.w.org\/{rel}","templated":true}]}}