{"id":1850,"date":"2021-03-24T15:31:15","date_gmt":"2021-03-24T14:31:15","guid":{"rendered":"https:\/\/volkmann-sv.de\/demarcation\/"},"modified":"2025-05-17T12:26:02","modified_gmt":"2025-05-17T10:26:02","slug":"demarcation","status":"publish","type":"page","link":"https:\/\/volkmann-sv.de\/en\/demarcation\/","title":{"rendered":"Demarcation"},"content":{"rendered":"\n<h1>\n\t\tDemarkierung\n\t<\/h1>\n\t<p>Schnell. Sicher. Sauber<\/p>\n\t<p>Eine sichere Verkehrsfu\u0308hrung ist von Eindeutigkeit gepr\u00e4gt. Der vollst\u00e4ndigen Entfernung falscher oder irrefu\u0308hrender Fahrbahnmarkierung kommt daher eine wichtige Bedeutung zu.<\/p>\n\t<p>VSV bietet neben dem mechanischen Fr\u00e4sen auch innovative Wasserhochdrucksysteme zur Demarkierung oder Oberfl\u00e4chenreinigung von Gummiabrieb stark verschmutzter Roll- und Fahrbahnen.<\/p>\n\t\t\t\t<img loading=\"lazy\" decoding=\"async\" src=\"https:\/\/volkmann-sv.de\/wp-content\/uploads\/2025\/05\/demarkierung-vsv-800x534.jpg\" alt=\"demarkierung vsv\" itemprop=\"image\" height=\"534\" width=\"800\" title=\"demarkierung vsv\" onerror=\"this.style.display='none'\"  \/>\n<h2>\n\t\tFeinfr\u00e4se\n\t<\/h2>\n\t<p>Fu\u0308r die Entfernung aufgelegter Fahrbahnmarkierung ohne Fr\u00e4skanten nutzen wir einen Fr\u00e4skopf mit einem Rillenabstand \u2264 3mm und einem 2x25mm Seitenauslauf bis auf 0.<\/p>\n<p>Fr\u00e4sbreite: 0,10m &#8211; 0,37m plus 2x25mm Kantenauslauf<\/p>\n<h2>\n\t\tR\u00fcttelstreifen in zwei verschiedenen<br \/>gefr\u00e4sten Profilarten\n\t<\/h2>\n\t\t\t\t<img loading=\"lazy\" decoding=\"async\" src=\"https:\/\/volkmann-sv.de\/wp-content\/uploads\/2025\/04\/demarkierung-rautenprofil-en-n.png\" alt=\"demarkierung rautenprofil n\" itemprop=\"image\" height=\"418\" width=\"700\" title=\"demarkierung rautenprofil n\" onerror=\"this.style.display='none'\"  \/>\n\t\t\t\t<img loading=\"lazy\" decoding=\"async\" src=\"https:\/\/volkmann-sv.de\/wp-content\/uploads\/2025\/04\/demarcation-sinus-profile-n.png\" alt=\"demarkierung sinusprofil n\" itemprop=\"image\" height=\"418\" width=\"700\" title=\"demarkierung sinusprofil n\" onerror=\"this.style.display='none'\"  \/>\n<h2>\n\t\tWasser&shy;hochdruck&shy;technologie\n\t<\/h2>\n\t<p>Effizient &amp; sauber.<\/p>\n<h3>\n\t\tUmweltbewusst\n\t<\/h3>\n\t<p>Unsere kombinierte Fr\u00e4s- und Absaugmaschine saugt das Wasser und die Ru\u0308ckst\u00e4nde unverzu\u0308glich bei einem Unterdruck von bis zu 15.000qm\/h in einen Schmutzwasserbeh\u00e4lter, um sie umweltgerecht zu entsorgen bzw. aufzubereiten.<\/p>\n<h3>\n\t\tLeistungsstark\n\t<\/h3>\n\t<p>500 bis 3.000 bar Wasserdruck sorgen fu\u0308r ein optimales Reinigungsergebnis. Der Spritzbalken dreht mit 3.000 U\/min und reinigt somit effektiv und gleichm\u00e4\u00dfig.<\/p>\n<h3>\n\t\tSchnell\n\t<\/h3>\n\t<p>Bei der Hochdruckwasserreinigung entfernt der integrierte Sauger alle Reinigungsru\u0308ckst\u00e4nde und nahezu das gesamte Spritzwasser, wodurch die Fahrbahn fast unverzu\u0308glich wieder nutzbar ist.<\/p>\n\t\t\t\t<img loading=\"lazy\" decoding=\"async\" src=\"https:\/\/volkmann-sv.de\/wp-content\/uploads\/2025\/04\/vsv-wasserhochdruck.png\" alt=\"vsv wasserhochdruck\" itemprop=\"image\" height=\"875\" width=\"700\" title=\"vsv wasserhochdruck\" onerror=\"this.style.display='none'\"  \/>\n\t\t\t\t<img loading=\"lazy\" decoding=\"async\" src=\"https:\/\/volkmann-sv.de\/wp-content\/uploads\/2025\/04\/fakten-wasserhochdruck-en-n.png\" alt=\"fakten wasserhochdruck n\" itemprop=\"image\" height=\"540\" width=\"786\" title=\"fakten wasserhochdruck n\" onerror=\"this.style.display='none'\"  \/>\n\t\t\t<a href=\"https:\/\/volkmann-sv.de\/wasserhochdrucktechnologie\/\" target=\"_self\">\n\t\t\t\t\t\t\tMehr dazu &rarr;\n\t\t\t\t\t<\/a>\n\t\t\t\t<img loading=\"lazy\" decoding=\"async\" src=\"https:\/\/volkmann-sv.de\/wp-content\/uploads\/2025\/05\/duotwister-vsv-800x533.jpg\" alt=\"duotwister vsv\" itemprop=\"image\" height=\"533\" width=\"800\" title=\"duotwister vsv\" onerror=\"this.style.display='none'\"  \/>\n<h2>\n\t\tduo twister\u00ae\n\t<\/h2>\n\t<p>Kennen sie den traffic-lines <em>duo twister<\/em>? Die innovative Hochdruckwasser-L\u00f6sung fu\u0308r eine Arbeitsbreite von 3,10 bis 4,20 Metern.<\/p>\n\t\t\t<a href=\"https:\/\/volkmann-sv.de\/wasserhochdrucktechnologie\/\" target=\"_self\">\n\t\t\t\t\t\t\tZum Duo Twister &rarr;\n\t\t\t\t\t<\/a>\n\n","protected":false},"excerpt":{"rendered":"<p>Demarkierung Schnell. Sicher. Sauber Eine sichere Verkehrsfu\u0308hrung ist von Eindeutigkeit gepr\u00e4gt. Der vollst\u00e4ndigen Entfernung falscher oder irrefu\u0308hrender Fahrbahnmarkierung kommt daher eine wichtige Bedeutung zu. VSV bietet neben dem mechanischen Fr\u00e4sen auch innovative Wasserhochdrucksysteme zur Demarkierung oder Oberfl\u00e4chenreinigung von Gummiabrieb stark verschmutzter Roll- und Fahrbahnen. Feinfr\u00e4se Fu\u0308r die Entfernung aufgelegter Fahrbahnmarkierung ohne Fr\u00e4skanten nutzen wir einen [&hellip;]<\/p>\n","protected":false},"author":1,"featured_media":0,"parent":0,"menu_order":0,"comment_status":"closed","ping_status":"closed","template":"","meta":{"_acf_changed":false,"_seopress_robots_primary_cat":"","_seopress_titles_title":"","_seopress_titles_desc":"Fast, safe and clean demarcation. Alongside mechanical milling processes, we also offer innovative high-pressure water systems.","_seopress_robots_index":"","site-sidebar-layout":"no-sidebar","site-content-layout":"page-builder","ast-site-content-layout":"full-width-container","site-content-style":"unboxed","site-sidebar-style":"unboxed","ast-global-header-display":"","ast-banner-title-visibility":"","ast-main-header-display":"","ast-hfb-above-header-display":"","ast-hfb-below-header-display":"","ast-hfb-mobile-header-display":"","site-post-title":"disabled","ast-breadcrumbs-content":"","ast-featured-img":"disabled","footer-sml-layout":"","ast-disable-related-posts":"","theme-transparent-header-meta":"default","adv-header-id-meta":"","stick-header-meta":"default","header-above-stick-meta":"","header-main-stick-meta":"","header-below-stick-meta":"","astra-migrate-meta-layouts":"default","ast-page-background-enabled":"default","ast-page-background-meta":{"desktop":{"background-color":"","background-image":"","background-repeat":"repeat","background-position":"center center","background-size":"auto","background-attachment":"scroll","background-type":"","background-media":"","overlay-type":"","overlay-color":"","overlay-opacity":"","overlay-gradient":""},"tablet":{"background-color":"","background-image":"","background-repeat":"repeat","background-position":"center center","background-size":"auto","background-attachment":"scroll","background-type":"","background-media":"","overlay-type":"","overlay-color":"","overlay-opacity":"","overlay-gradient":""},"mobile":{"background-color":"","background-image":"","background-repeat":"repeat","background-position":"center center","background-size":"auto","background-attachment":"scroll","background-type":"","background-media":"","overlay-type":"","overlay-color":"","overlay-opacity":"","overlay-gradient":""}},"ast-content-background-meta":{"desktop":{"background-color":"var(--ast-global-color-5)","background-image":"","background-repeat":"repeat","background-position":"center center","background-size":"auto","background-attachment":"scroll","background-type":"","background-media":"","overlay-type":"","overlay-color":"","overlay-opacity":"","overlay-gradient":""},"tablet":{"background-color":"var(--ast-global-color-5)","background-image":"","background-repeat":"repeat","background-position":"center center","background-size":"auto","background-attachment":"scroll","background-type":"","background-media":"","overlay-type":"","overlay-color":"","overlay-opacity":"","overlay-gradient":""},"mobile":{"background-color":"var(--ast-global-color-5)","background-image":"","background-repeat":"repeat","background-position":"center center","background-size":"auto","background-attachment":"scroll","background-type":"","background-media":"","overlay-type":"","overlay-color":"","overlay-opacity":"","overlay-gradient":""}},"footnotes":""},"hf_cat_page":[],"class_list":["post-1850","page","type-page","status-publish"],"acf":[],"_links":{"self":[{"href":"https:\/\/volkmann-sv.de\/en\/wp-json\/wp\/v2\/pages\/1850","targetHints":{"allow":["GET"]}}],"collection":[{"href":"https:\/\/volkmann-sv.de\/en\/wp-json\/wp\/v2\/pages"}],"about":[{"href":"https:\/\/volkmann-sv.de\/en\/wp-json\/wp\/v2\/types\/page"}],"author":[{"embeddable":true,"href":"https:\/\/volkmann-sv.de\/en\/wp-json\/wp\/v2\/users\/1"}],"replies":[{"embeddable":true,"href":"https:\/\/volkmann-sv.de\/en\/wp-json\/wp\/v2\/comments?post=1850"}],"version-history":[{"count":13,"href":"https:\/\/volkmann-sv.de\/en\/wp-json\/wp\/v2\/pages\/1850\/revisions"}],"predecessor-version":[{"id":5671,"href":"https:\/\/volkmann-sv.de\/en\/wp-json\/wp\/v2\/pages\/1850\/revisions\/5671"}],"wp:attachment":[{"href":"https:\/\/volkmann-sv.de\/en\/wp-json\/wp\/v2\/media?parent=1850"}],"wp:term":[{"taxonomy":"hf_cat_page","embeddable":true,"href":"https:\/\/volkmann-sv.de\/en\/wp-json\/wp\/v2\/hf_cat_page?post=1850"}],"curies":[{"name":"wp","href":"https:\/\/api.w.org\/{rel}","templated":true}]}}