{"id":3089,"date":"2024-01-03T10:37:44","date_gmt":"2024-01-03T09:37:44","guid":{"rendered":"https:\/\/volkmann-sv.de\/whistleblower-system\/"},"modified":"2025-04-26T15:42:49","modified_gmt":"2025-04-26T13:42:49","slug":"whistleblower-system","status":"publish","type":"page","link":"https:\/\/volkmann-sv.de\/en\/whistleblower-system\/","title":{"rendered":"Whistleblower System"},"content":{"rendered":"\r\n<h1>Hinweisgebersystem<\/h1>\r\n<p><strong>Hinweisgeber-Schutzgesetz<\/strong><\/p>\r\n<p>Unser Unternehmen pflegt seit langem Verhaltens- und Wertestandards, um f\u00fcr seine Besch\u00e4ftigten und Gesch\u00e4ftspartner ein Umfeld zu schaffen, welches von Respekt, Verantwortung, Fairness und Ehrlichkeit gepr\u00e4gt ist.<\/p>\r\n<p>Mit der Einrichtung eines Hinweisgeber:innen-Systems erm\u00f6glichen wir unseren Gesch\u00e4ftspartnern, Dritten und Besch\u00e4ftigten, etwaigen Verst\u00f6\u00dfe gegen Menschenrechte oder andere Straftaten wie Betrug, Geldw\u00e4sche, Korruption sowie Verfehlungen bei Produktsicherheit, Umwelt oder Datenschutz zu melden.<\/p>\r\n<p>Um Sie beim Melden etwaiger Verst\u00f6\u00dfe zu unterst\u00fctzen und das ab dem 2. Juli 2023 in Kraft getretene Hinweisgeberschutzgesetz (HinSchG) umzusetzen, haben wir ein internes Hinweisgeber:innen-System eingerichtet, das die Meldung erm\u00f6glicht und Ihre Anonymit\u00e4t &#8211; auch durch den Schutz der anwaltlichen Verschwiegenheitsverpflichtung &#8211; bestm\u00f6glich gew\u00e4hrleistet.<\/p>\r\n<p>Bevor Sie einen Versto\u00df melden, \u00fcberlegen Sie sich bitte, ob die Angelegenheit nicht in einem pers\u00f6nlichen Gespr\u00e4ch gekl\u00e4rt werden k\u00f6nnte. Achten Sie auch darauf, dass f\u00fcr das Fehlverhalten oder den Werteversto\u00df zumindest begr\u00fcndete Anhaltspunkte vorliegen m\u00fcssen.<\/p>\r\n<p>Wenn Sie sich dazu entscheiden eine Meldung zu machen, nutzen Sie bitte ausschlie\u00dflich folgende Kontaktm\u00f6glichkeiten:<\/p>\r\n<p>Senden Sie eine Mail an\u00a0<a href=\"mailto:fornauf@caspers-mock.de\">fornauf@caspers-mock.de<\/a>\u00a0oder kontaktieren Sie Rechtsanwalt Dr. Marc Fornauf der Kanzlei Dr. Caspers Mock &amp; Partner mbB direkt (0261\/404 99 761).<\/p>\r\n<p>Caspers Mock Anw\u00e4lte mbB besteht zu Gunsten aller meldenden Personen eine Schweigepflicht gegen\u00fcber der Volkmann Gruppe. Die meldende Person entscheidet selbst \u00fcber Inhalt und Weitergabe seiner Informationen. Caspers Mock Anw\u00e4lte mbB verpflichtet sich alle Daten und Informationen sp\u00e4testens nach sechs Monaten nach Erledigung zu l\u00f6schen.<\/p>\r\n<p><!-- notionvc: 612cc808-dad2-4e02-a8e8-d101497b1a49 --><\/p>\r\n","protected":false},"excerpt":{"rendered":"<p>Hinweisgebersystem Hinweisgeber-Schutzgesetz Unser Unternehmen pflegt seit langem Verhaltens- und Wertestandards, um f\u00fcr seine Besch\u00e4ftigten und Gesch\u00e4ftspartner ein Umfeld zu schaffen, welches von Respekt, Verantwortung, Fairness und Ehrlichkeit gepr\u00e4gt ist. Mit der Einrichtung eines Hinweisgeber:innen-Systems erm\u00f6glichen wir unseren Gesch\u00e4ftspartnern, Dritten und Besch\u00e4ftigten, etwaigen Verst\u00f6\u00dfe gegen Menschenrechte oder andere Straftaten wie Betrug, Geldw\u00e4sche, Korruption sowie Verfehlungen bei [&hellip;]<\/p>\n","protected":false},"author":1,"featured_media":0,"parent":0,"menu_order":0,"comment_status":"closed","ping_status":"open","template":"","meta":{"_acf_changed":false,"_seopress_robots_primary_cat":"","_seopress_titles_title":"","_seopress_titles_desc":"","_seopress_robots_index":"yes","site-sidebar-layout":"default","site-content-layout":"default","ast-site-content-layout":"default","site-content-style":"default","site-sidebar-style":"default","ast-global-header-display":"","ast-banner-title-visibility":"","ast-main-header-display":"","ast-hfb-above-header-display":"","ast-hfb-below-header-display":"","ast-hfb-mobile-header-display":"","site-post-title":"","ast-breadcrumbs-content":"","ast-featured-img":"","footer-sml-layout":"","ast-disable-related-posts":"","theme-transparent-header-meta":"default","adv-header-id-meta":"","stick-header-meta":"default","header-above-stick-meta":"","header-main-stick-meta":"","header-below-stick-meta":"","astra-migrate-meta-layouts":"default","ast-page-background-enabled":"default","ast-page-background-meta":{"desktop":{"background-color":"","background-image":"","background-repeat":"repeat","background-position":"center center","background-size":"auto","background-attachment":"scroll","background-type":"","background-media":"","overlay-type":"","overlay-color":"","overlay-opacity":"","overlay-gradient":""},"tablet":{"background-color":"","background-image":"","background-repeat":"repeat","background-position":"center center","background-size":"auto","background-attachment":"scroll","background-type":"","background-media":"","overlay-type":"","overlay-color":"","overlay-opacity":"","overlay-gradient":""},"mobile":{"background-color":"","background-image":"","background-repeat":"repeat","background-position":"center center","background-size":"auto","background-attachment":"scroll","background-type":"","background-media":"","overlay-type":"","overlay-color":"","overlay-opacity":"","overlay-gradient":""}},"ast-content-background-meta":{"desktop":{"background-color":"var(--ast-global-color-5)","background-image":"","background-repeat":"repeat","background-position":"center center","background-size":"auto","background-attachment":"scroll","background-type":"","background-media":"","overlay-type":"","overlay-color":"","overlay-opacity":"","overlay-gradient":""},"tablet":{"background-color":"var(--ast-global-color-5)","background-image":"","background-repeat":"repeat","background-position":"center center","background-size":"auto","background-attachment":"scroll","background-type":"","background-media":"","overlay-type":"","overlay-color":"","overlay-opacity":"","overlay-gradient":""},"mobile":{"background-color":"var(--ast-global-color-5)","background-image":"","background-repeat":"repeat","background-position":"center center","background-size":"auto","background-attachment":"scroll","background-type":"","background-media":"","overlay-type":"","overlay-color":"","overlay-opacity":"","overlay-gradient":""}},"footnotes":""},"hf_cat_page":[],"class_list":["post-3089","page","type-page","status-publish"],"acf":[],"_links":{"self":[{"href":"https:\/\/volkmann-sv.de\/en\/wp-json\/wp\/v2\/pages\/3089","targetHints":{"allow":["GET"]}}],"collection":[{"href":"https:\/\/volkmann-sv.de\/en\/wp-json\/wp\/v2\/pages"}],"about":[{"href":"https:\/\/volkmann-sv.de\/en\/wp-json\/wp\/v2\/types\/page"}],"author":[{"embeddable":true,"href":"https:\/\/volkmann-sv.de\/en\/wp-json\/wp\/v2\/users\/1"}],"replies":[{"embeddable":true,"href":"https:\/\/volkmann-sv.de\/en\/wp-json\/wp\/v2\/comments?post=3089"}],"version-history":[{"count":2,"href":"https:\/\/volkmann-sv.de\/en\/wp-json\/wp\/v2\/pages\/3089\/revisions"}],"predecessor-version":[{"id":5444,"href":"https:\/\/volkmann-sv.de\/en\/wp-json\/wp\/v2\/pages\/3089\/revisions\/5444"}],"wp:attachment":[{"href":"https:\/\/volkmann-sv.de\/en\/wp-json\/wp\/v2\/media?parent=3089"}],"wp:term":[{"taxonomy":"hf_cat_page","embeddable":true,"href":"https:\/\/volkmann-sv.de\/en\/wp-json\/wp\/v2\/hf_cat_page?post=3089"}],"curies":[{"name":"wp","href":"https:\/\/api.w.org\/{rel}","templated":true}]}}