{"id":5053,"date":"2025-04-23T16:16:28","date_gmt":"2025-04-23T14:16:28","guid":{"rendered":"https:\/\/volkmann-sv.de\/volkmann-sv-home\/"},"modified":"2025-05-25T17:56:00","modified_gmt":"2025-05-25T15:56:00","slug":"volkmann-sv-home","status":"publish","type":"page","link":"https:\/\/volkmann-sv.de\/en\/","title":{"rendered":"Volkmann Road and Traffic Technology Home"},"content":{"rendered":"\n\n\tAls Teil der international t\u00e4tigen Volkmann-Gruppe bringen wir einen gro\u00dfen Erfahrungsschatz und innovative Technik zusammen, um Verkehr auch in Zukunft sicher zu f\u00fchren.\n<h2>\n\t\t\tUnsere Leistungen\t<\/h2>\n\t<meta itemscope itemprop=\"mainEntityOfPage\" itemtype=\"https:\/\/schema.org\/WebPage\" itemid=\"http:\/\/4292\" content=\"Fahrbahnmarkierung\" \/><meta itemprop=\"datePublished\" content=\"2025-04-09\" \/><meta itemprop=\"dateModified\" content=\"2025-04-24\" \/><meta itemprop=\"name\" content=\"Volkmann Strassen-Verkehrstechnik\"\/><meta itemprop=\"url\" content=\"https:\/\/volkmann-sv.de\/wp-content\/uploads\/2020\/11\/logo-farbe-vsv-1.svg\"\/><meta itemprop=\"url\" content=\"https:\/\/volkmann-sv.de\/author\/netzmaedchen\/\" \/><meta itemprop=\"name\" content=\"netzmaedchen\" \/><meta itemprop=\"url\" content=\"https:\/\/volkmann-sv.de\/wp-content\/uploads\/2024\/07\/Fahrbahnmarkierung-VSV-Montabaur.jpg\" \/><meta itemprop=\"width\" content=\"1800\" \/><meta itemprop=\"height\" content=\"1200\" \/><meta itemprop=\"interactionType\" content=\"https:\/\/schema.org\/CommentAction\" \/><meta itemprop=\"userInteractionCount\" content=\"0\" \/>\n    <img decoding=\"async\" src=\"https:\/\/volkmann-sv.de\/wp-content\/uploads\/2024\/07\/Fahrbahnmarkierung-VSV-Montabaur-1024x683.jpg\"\/>\n       <img decoding=\"async\" src=\"https:\/\/volkmann-sv.de\/wp-content\/uploads\/2025\/04\/icon-markierung.svg\"\/>\n    <h3><a href=\"https:\/\/volkmann-sv.de\/fahrbahnmarkierung\/\">Fahrbahnmarkierung<\/a><\/h3>\n    Unsere erfahrenen Mitarbeiter helfen, aus den vielf\u00e4ltigen technischen M\u00f6glichkeiten optimal zu w\u00e4hlen.\n\t<meta itemscope itemprop=\"mainEntityOfPage\" itemtype=\"https:\/\/schema.org\/WebPage\" itemid=\"http:\/\/4324\" content=\"Demarkierung\" \/><meta itemprop=\"datePublished\" content=\"2025-04-09\" \/><meta itemprop=\"dateModified\" content=\"2025-04-23\" \/><meta itemprop=\"name\" content=\"Volkmann Strassen-Verkehrstechnik\"\/><meta itemprop=\"url\" content=\"https:\/\/volkmann-sv.de\/wp-content\/uploads\/2020\/11\/logo-farbe-vsv-1.svg\"\/><meta itemprop=\"url\" content=\"https:\/\/volkmann-sv.de\/author\/netzmaedchen\/\" \/><meta itemprop=\"name\" content=\"netzmaedchen\" \/><meta itemprop=\"url\" content=\"https:\/\/volkmann-sv.de\/wp-content\/uploads\/2024\/07\/Demarkierung-Fahrbahnmarkierung.jpg\" \/><meta itemprop=\"width\" content=\"1800\" \/><meta itemprop=\"height\" content=\"1200\" \/><meta itemprop=\"interactionType\" content=\"https:\/\/schema.org\/CommentAction\" \/><meta itemprop=\"userInteractionCount\" content=\"0\" \/>\n    <img decoding=\"async\" src=\"https:\/\/volkmann-sv.de\/wp-content\/uploads\/2024\/07\/Demarkierung-Fahrbahnmarkierung-1024x683.jpg\"\/>\n       <img decoding=\"async\" src=\"https:\/\/volkmann-sv.de\/wp-content\/uploads\/2025\/04\/icon-demarkierung-1.svg\"\/>\n    <h3><a href=\"https:\/\/volkmann-sv.de\/demarkierung\/\">Demarkierung<\/a><\/h3>\n    Wir bieten effiziente Demarkierungsmethoden f\u00fcr effektive Ergebnisse.\n\t<meta itemscope itemprop=\"mainEntityOfPage\" itemtype=\"https:\/\/schema.org\/WebPage\" itemid=\"http:\/\/4327\" content=\"Wasserhoch&shy;drucktechnologie\" \/><meta itemprop=\"datePublished\" content=\"2025-04-09\" \/><meta itemprop=\"dateModified\" content=\"2025-05-06\" \/><meta itemprop=\"name\" content=\"Volkmann Strassen-Verkehrstechnik\"\/><meta itemprop=\"url\" content=\"https:\/\/volkmann-sv.de\/wp-content\/uploads\/2020\/11\/logo-farbe-vsv-1.svg\"\/><meta itemprop=\"url\" content=\"https:\/\/volkmann-sv.de\/author\/netzmaedchen\/\" \/><meta itemprop=\"name\" content=\"netzmaedchen\" \/><meta itemprop=\"url\" content=\"https:\/\/volkmann-sv.de\/wp-content\/uploads\/2025\/04\/wasserhoechstdruck.jpg\" \/><meta itemprop=\"width\" content=\"1600\" \/><meta itemprop=\"height\" content=\"1067\" \/><meta itemprop=\"interactionType\" content=\"https:\/\/schema.org\/CommentAction\" \/><meta itemprop=\"userInteractionCount\" content=\"0\" \/>\n    <img decoding=\"async\" src=\"https:\/\/volkmann-sv.de\/wp-content\/uploads\/2025\/04\/wasserhoechstdruck-1024x683.jpg\"\/>\n       <img decoding=\"async\" src=\"https:\/\/volkmann-sv.de\/wp-content\/uploads\/2025\/04\/icon-wasserhochdruck.svg\"\/>\n    <h3><a href=\"https:\/\/volkmann-sv.de\/wasserhochdrucktechnologie\/\">Wasserhoch&shy;drucktechnologie<\/a><\/h3>\n    Die innovative Technologie zur effizienten und \u00f6kologischen Fahrbahnreinigung und Demarkierung.\n\t<meta itemscope itemprop=\"mainEntityOfPage\" itemtype=\"https:\/\/schema.org\/WebPage\" itemid=\"http:\/\/4330\" content=\"Stahlschutzw\u00e4nde\" \/><meta itemprop=\"datePublished\" content=\"2025-04-09\" \/><meta itemprop=\"dateModified\" content=\"2025-05-06\" \/><meta itemprop=\"name\" content=\"Volkmann Strassen-Verkehrstechnik\"\/><meta itemprop=\"url\" content=\"https:\/\/volkmann-sv.de\/wp-content\/uploads\/2020\/11\/logo-farbe-vsv-1.svg\"\/><meta itemprop=\"url\" content=\"https:\/\/volkmann-sv.de\/author\/netzmaedchen\/\" \/><meta itemprop=\"name\" content=\"netzmaedchen\" \/><meta itemprop=\"url\" content=\"https:\/\/volkmann-sv.de\/wp-content\/uploads\/2025\/04\/stahlschutzwaende.jpg\" \/><meta itemprop=\"width\" content=\"1600\" \/><meta itemprop=\"height\" content=\"1073\" \/><meta itemprop=\"interactionType\" content=\"https:\/\/schema.org\/CommentAction\" \/><meta itemprop=\"userInteractionCount\" content=\"0\" \/>\n    <img decoding=\"async\" src=\"https:\/\/volkmann-sv.de\/wp-content\/uploads\/2025\/04\/stahlschutzwaende-1024x687.jpg\"\/>\n       <img decoding=\"async\" src=\"https:\/\/volkmann-sv.de\/wp-content\/uploads\/2025\/04\/icon-stahlschutzwaende.svg\"\/>\n    <h3><a href=\"https:\/\/volkmann-sv.de\/stahlschutzwaende\/\">Stahlschutzw\u00e4nde<\/a><\/h3>\n    Mit den passenden Produkten den Baustellenverkehr wirkungsvoll f\u00fchren und sichern.\n\t<meta itemscope itemprop=\"mainEntityOfPage\" itemtype=\"https:\/\/schema.org\/WebPage\" itemid=\"http:\/\/4333\" content=\"Fahrzeug&shy;sicherheits&shy;barrieren\" \/><meta itemprop=\"datePublished\" content=\"2025-04-09\" \/><meta itemprop=\"dateModified\" content=\"2025-05-06\" \/><meta itemprop=\"name\" content=\"Volkmann Strassen-Verkehrstechnik\"\/><meta itemprop=\"url\" content=\"https:\/\/volkmann-sv.de\/wp-content\/uploads\/2020\/11\/logo-farbe-vsv-1.svg\"\/><meta itemprop=\"url\" content=\"https:\/\/volkmann-sv.de\/author\/netzmaedchen\/\" \/><meta itemprop=\"name\" content=\"netzmaedchen\" \/><meta itemprop=\"url\" content=\"https:\/\/volkmann-sv.de\/wp-content\/uploads\/2025\/04\/zufahrtssperre.jpg\" \/><meta itemprop=\"width\" content=\"1600\" \/><meta itemprop=\"height\" content=\"1066\" \/><meta itemprop=\"interactionType\" content=\"https:\/\/schema.org\/CommentAction\" \/><meta itemprop=\"userInteractionCount\" content=\"0\" \/>\n    <img decoding=\"async\" src=\"https:\/\/volkmann-sv.de\/wp-content\/uploads\/2025\/04\/zufahrtssperre-1024x682.jpg\"\/>\n       <img decoding=\"async\" src=\"https:\/\/volkmann-sv.de\/wp-content\/uploads\/2025\/04\/icon-zufahrtssperren.svg\"\/>\n    <h3><a href=\"https:\/\/zufahrtssperre.de\/\" target=\"_blank\">Fahrzeug&shy;sicherheits&shy;barrieren<\/a><\/h3>\n    Unsere wirkungsvollen Zufahrtssperren f\u00fcr den mobilen Einsatz zur Sicherung des \u00f6ffentlichen Raums und disponierter Einrichtungen. \n  Ext. Link: https:\/\/zufahrtssperre.de\/\n\t<meta itemscope itemprop=\"mainEntityOfPage\" itemtype=\"https:\/\/schema.org\/WebPage\" itemid=\"http:\/\/4336\" content=\"Fahrzeug&shy;differenzierung\" \/><meta itemprop=\"datePublished\" content=\"2025-04-09\" \/><meta itemprop=\"dateModified\" content=\"2025-05-06\" \/><meta itemprop=\"name\" content=\"Volkmann Strassen-Verkehrstechnik\"\/><meta itemprop=\"url\" content=\"https:\/\/volkmann-sv.de\/wp-content\/uploads\/2020\/11\/logo-farbe-vsv-1.svg\"\/><meta itemprop=\"url\" content=\"https:\/\/volkmann-sv.de\/author\/netzmaedchen\/\" \/><meta itemprop=\"name\" content=\"netzmaedchen\" \/><meta itemprop=\"url\" content=\"https:\/\/volkmann-sv.de\/wp-content\/uploads\/2025\/04\/fahrzeugdifferenzierung.jpg\" \/><meta itemprop=\"width\" content=\"1600\" \/><meta itemprop=\"height\" content=\"1067\" \/><meta itemprop=\"interactionType\" content=\"https:\/\/schema.org\/CommentAction\" \/><meta itemprop=\"userInteractionCount\" content=\"0\" \/>\n    <img decoding=\"async\" src=\"https:\/\/volkmann-sv.de\/wp-content\/uploads\/2025\/04\/fahrzeugdifferenzierung-1024x683.jpg\"\/>\n       <img decoding=\"async\" src=\"https:\/\/volkmann-sv.de\/wp-content\/uploads\/2025\/04\/icon-fahrzeugdifferenzierung.svg\"\/>\n    <h3><a href=\"https:\/\/vsv-traffic.de\" target=\"_blank\">Fahrzeug&shy;differenzierung<\/a><\/h3>\n    Moderne Verkehrsf\u00fchrung setzt digitale Fahrzeugdifferenzierung zur individuellen Um- und Ausleitung einzelner Verkehrsteilnehmer.\n  Ext. Link: https:\/\/vsv-traffic.de\n\t<meta itemscope itemprop=\"mainEntityOfPage\" itemtype=\"https:\/\/schema.org\/WebPage\" itemid=\"http:\/\/4339\" content=\"Boden- &#038; Wurzelradar\" \/><meta itemprop=\"datePublished\" content=\"2025-04-09\" \/><meta itemprop=\"dateModified\" content=\"2025-04-24\" \/><meta itemprop=\"name\" content=\"Volkmann Strassen-Verkehrstechnik\"\/><meta itemprop=\"url\" content=\"https:\/\/volkmann-sv.de\/wp-content\/uploads\/2020\/11\/logo-farbe-vsv-1.svg\"\/><meta itemprop=\"url\" content=\"https:\/\/volkmann-sv.de\/author\/netzmaedchen\/\" \/><meta itemprop=\"name\" content=\"netzmaedchen\" \/><meta itemprop=\"url\" content=\"https:\/\/volkmann-sv.de\/wp-content\/uploads\/2024\/07\/VSV-Bodenradar.jpg\" \/><meta itemprop=\"width\" content=\"1800\" \/><meta itemprop=\"height\" content=\"1200\" \/><meta itemprop=\"interactionType\" content=\"https:\/\/schema.org\/CommentAction\" \/><meta itemprop=\"userInteractionCount\" content=\"0\" \/>\n    <img decoding=\"async\" src=\"https:\/\/volkmann-sv.de\/wp-content\/uploads\/2024\/07\/VSV-Bodenradar-1024x683.jpg\"\/>\n       <img decoding=\"async\" src=\"https:\/\/volkmann-sv.de\/wp-content\/uploads\/2025\/04\/stahlschutzwaende_large_5.svg\"\/>\n    <h3><a href=\"https:\/\/geo-bodenradar.de\/\" target=\"_blank\">Boden- &#038; Wurzelradar<\/a><\/h3>\n    Ihr Partner f\u00fcr die Ortung von Wurzeln, Versorgungsleitungen und Altlasten\n  Ext. Link: https:\/\/geo-bodenradar.de\/\n\t<meta itemscope itemprop=\"mainEntityOfPage\" itemtype=\"https:\/\/schema.org\/WebPage\" itemid=\"http:\/\/4389\" content=\"Kontakt aufnehmen\" \/><meta itemprop=\"datePublished\" content=\"2025-04-09\" \/><meta itemprop=\"dateModified\" content=\"2025-04-24\" \/><meta itemprop=\"name\" content=\"Volkmann Strassen-Verkehrstechnik\"\/><meta itemprop=\"url\" content=\"https:\/\/volkmann-sv.de\/wp-content\/uploads\/2020\/11\/logo-farbe-vsv-1.svg\"\/><meta itemprop=\"url\" content=\"https:\/\/volkmann-sv.de\/author\/netzmaedchen\/\" \/><meta itemprop=\"name\" content=\"netzmaedchen\" \/><meta itemprop=\"url\" content=\"https:\/\/volkmann-sv.de\/wp-content\/uploads\/2024\/07\/Vanessa-Volkmann-Spendenuebergabe.jpg\" \/><meta itemprop=\"width\" content=\"2400\" \/><meta itemprop=\"height\" content=\"1600\" \/><meta itemprop=\"interactionType\" content=\"https:\/\/schema.org\/CommentAction\" \/><meta itemprop=\"userInteractionCount\" content=\"0\" \/>\n    <img decoding=\"async\" src=\"https:\/\/volkmann-sv.de\/wp-content\/uploads\/2024\/07\/Vanessa-Volkmann-Spendenuebergabe-1024x683.jpg\"\/>\n       <img decoding=\"async\" src=\"https:\/\/volkmann-sv.de\/wp-content\/uploads\/2025\/04\/noun-envelope-1727317.svg\"\/>\n    <h3><a href=\"https:\/\/volkmann-sv.de\/kontakt\/\">Kontakt aufnehmen<\/a><\/h3>\n    Nehmen Sie Kontakt auf. Wir sind f\u00fcr Sie da.\n\t\t<!-- .pp-content-posts -->\n<h2>\n\t\t\t\u00dcber Volkmann Strassen- und Verkehrstechnik\t<\/h2>\n\t<p>Gemeinsam mit den Partnern in der Volkmann-Gruppe umfasst unser Portfolio fast das gesamte Spektrum der Verkehrssicherheit und Stra\u00dfenausstattung.<\/p>\n<p>Damit greifen wir in Beratung und Planung auf eine Vielzahl effektiver und kompatibler Systeme zur\u00fcck, die zu effektiven Verkehrsf\u00fchrungskonzepten kombiniert werden k\u00f6nnen.<\/p>\n\t\t\t<a href=\"https:\/\/volkmann-sv.de\/ueber-vsv-volkmann-strassen-verkehrstechnik\/\" target=\"_self\">\n\t\t\t\t\t\t\tMehr \u00fcber VSV &rarr;\n\t\t\t\t\t<\/a>\n\t\t\t\t<img decoding=\"async\" src=\"https:\/\/volkmann-sv.de\/wp-content\/uploads\/2025\/05\/hauptsitz-montabaur-drohnenaufnahme-800x533.jpg\" alt=\"hauptsitz montabaur drohnenaufnahme\" itemprop=\"image\" height=\"533\" width=\"800\" title=\"hauptsitz montabaur drohnenaufnahme\" onerror=\"this.style.display='none'\" loading='lazy' \/>\n\t\t\t<video src=\"https:\/\/volkmann-sv.de\/wp-content\/uploads\/2025\/04\/team-volkmann.mp4\" autoplay=\"\" webkit-playsinline=\"\" playsinline=\"\" controls=\"\" muted=\"muted\" controlsList=\"nodownload\" poster=\"https:\/\/volkmann-sv.de\/wp-content\/uploads\/2025\/04\/team-volkmann-karriere-00001-1536x1022-1-1024x681.jpeg\" preload=\"none\" title=\"Teaservideo Team Volkmann\"><\/video>\n<h2>\n\t\t\tKomm&#8217; ins Team Volkmann\t<\/h2>\n\t<p>Unser Engagement f\u00fcr Menschenrechte und Nachhaltigkeit ist tief in unserer Unternehmenskultur verankert.<\/p>\n<p>Wir glauben fest daran, dass verantwortungsvolles Handeln nicht nur richtig ist, sondern auch zu einem langfristigen Erfolg und Vertrauen unserer Kunden, Partner und der Gesellschaft f\u00fchrt.<\/p>\n\t\t\t<a href=\"https:\/\/team-volkmann.de\" target=\"_blank\" rel=\"noopener\">\n\t\t\t\t\t\t\tJetzt zum Team geh\u00f6ren &rarr;\n\t\t\t\t\t<\/a>\n\n","protected":false},"excerpt":{"rendered":"<p>Als Teil der international t\u00e4tigen Volkmann-Gruppe bringen wir einen gro\u00dfen Erfahrungsschatz und innovative Technik zusammen, um Verkehr auch in Zukunft sicher zu f\u00fchren. Unsere Leistungen Fahrbahnmarkierung Unsere erfahrenen Mitarbeiter helfen, aus den vielf\u00e4ltigen technischen M\u00f6glichkeiten optimal zu w\u00e4hlen. Demarkierung Wir bieten effiziente Demarkierungsmethoden f\u00fcr effektive Ergebnisse. Wasserhoch&shy;drucktechnologie Die innovative Technologie zur effizienten und \u00f6kologischen Fahrbahnreinigung [&hellip;]<\/p>\n","protected":false},"author":1,"featured_media":0,"parent":0,"menu_order":0,"comment_status":"closed","ping_status":"closed","template":"","meta":{"_acf_changed":false,"_seopress_robots_primary_cat":"","_seopress_titles_title":"Volkmann Road and Traffic Technology","_seopress_titles_desc":"VSV delivers innovative products, technology, and services for road and traffic safety.","_seopress_robots_index":"","site-sidebar-layout":"no-sidebar","site-content-layout":"page-builder","ast-site-content-layout":"default","site-content-style":"default","site-sidebar-style":"default","ast-global-header-display":"","ast-banner-title-visibility":"","ast-main-header-display":"","ast-hfb-above-header-display":"","ast-hfb-below-header-display":"","ast-hfb-mobile-header-display":"","site-post-title":"disabled","ast-breadcrumbs-content":"","ast-featured-img":"disabled","footer-sml-layout":"","ast-disable-related-posts":"","theme-transparent-header-meta":"default","adv-header-id-meta":"","stick-header-meta":"","header-above-stick-meta":"","header-main-stick-meta":"","header-below-stick-meta":"","astra-migrate-meta-layouts":"default","ast-page-background-enabled":"default","ast-page-background-meta":{"desktop":{"background-color":"","background-image":"","background-repeat":"repeat","background-position":"center center","background-size":"auto","background-attachment":"scroll","background-type":"","background-media":"","overlay-type":"","overlay-color":"","overlay-opacity":"","overlay-gradient":""},"tablet":{"background-color":"","background-image":"","background-repeat":"repeat","background-position":"center center","background-size":"auto","background-attachment":"scroll","background-type":"","background-media":"","overlay-type":"","overlay-color":"","overlay-opacity":"","overlay-gradient":""},"mobile":{"background-color":"","background-image":"","background-repeat":"repeat","background-position":"center center","background-size":"auto","background-attachment":"scroll","background-type":"","background-media":"","overlay-type":"","overlay-color":"","overlay-opacity":"","overlay-gradient":""}},"ast-content-background-meta":{"desktop":{"background-color":"var(--ast-global-color-5)","background-image":"","background-repeat":"repeat","background-position":"center center","background-size":"auto","background-attachment":"scroll","background-type":"","background-media":"","overlay-type":"","overlay-color":"","overlay-opacity":"","overlay-gradient":""},"tablet":{"background-color":"var(--ast-global-color-5)","background-image":"","background-repeat":"repeat","background-position":"center center","background-size":"auto","background-attachment":"scroll","background-type":"","background-media":"","overlay-type":"","overlay-color":"","overlay-opacity":"","overlay-gradient":""},"mobile":{"background-color":"var(--ast-global-color-5)","background-image":"","background-repeat":"repeat","background-position":"center center","background-size":"auto","background-attachment":"scroll","background-type":"","background-media":"","overlay-type":"","overlay-color":"","overlay-opacity":"","overlay-gradient":""}},"footnotes":""},"hf_cat_page":[],"class_list":["post-5053","page","type-page","status-publish"],"acf":[],"_links":{"self":[{"href":"https:\/\/volkmann-sv.de\/en\/wp-json\/wp\/v2\/pages\/5053","targetHints":{"allow":["GET"]}}],"collection":[{"href":"https:\/\/volkmann-sv.de\/en\/wp-json\/wp\/v2\/pages"}],"about":[{"href":"https:\/\/volkmann-sv.de\/en\/wp-json\/wp\/v2\/types\/page"}],"author":[{"embeddable":true,"href":"https:\/\/volkmann-sv.de\/en\/wp-json\/wp\/v2\/users\/1"}],"replies":[{"embeddable":true,"href":"https:\/\/volkmann-sv.de\/en\/wp-json\/wp\/v2\/comments?post=5053"}],"version-history":[{"count":9,"href":"https:\/\/volkmann-sv.de\/en\/wp-json\/wp\/v2\/pages\/5053\/revisions"}],"predecessor-version":[{"id":5744,"href":"https:\/\/volkmann-sv.de\/en\/wp-json\/wp\/v2\/pages\/5053\/revisions\/5744"}],"wp:attachment":[{"href":"https:\/\/volkmann-sv.de\/en\/wp-json\/wp\/v2\/media?parent=5053"}],"wp:term":[{"taxonomy":"hf_cat_page","embeddable":true,"href":"https:\/\/volkmann-sv.de\/en\/wp-json\/wp\/v2\/hf_cat_page?post=5053"}],"curies":[{"name":"wp","href":"https:\/\/api.w.org\/{rel}","templated":true}]}}